{"id":274,"date":"2018-11-15T14:58:52","date_gmt":"2018-11-15T14:58:52","guid":{"rendered":"https:\/\/der-bildungsexperte.de\/?page_id=274"},"modified":"2021-11-09T13:02:18","modified_gmt":"2021-11-09T13:02:18","slug":"gutachten-inklusion-in-brandenburg","status":"publish","type":"page","link":"https:\/\/der-bildungsexperte.de\/?page_id=274","title":{"rendered":"Gutachten &#8211; Inklusion in Brandenburg"},"content":{"rendered":"<p>Schulische Inklusion ist eine Herausforderung. Manchen erscheint sie angesichts vorhandener Umsetzungsprobleme schon gescheitert. Andere sehen im gemeinsamen Unterricht eine Chance f\u00fcr alle Kinder. Nicht nur inklusive Bildung, sondern das Leben in einer inklusiven Gesellschaft ist ein Menschenrecht, zu dessen Umsetzung sich Deutschland v\u00f6lkerrechtlich verpflichtet hat.<\/p>\n<p>Nicht nur zur Erziehung eines Kindes braucht es nach einem afrikanischen Sprichwort &#8222;ein ganzes Dorf&#8220;, auch die inklusive Bildung braucht einen gesamtgesellschaftlichen Prozess. Miteinander kann es gelingen, das gut gemachte inklusive Bildung allen zugute kommt: Kindern mit sonderp\u00e4dagogischem F\u00f6rderbedarf wie Hochbegabten. Gleichzeitig wird kein Kind ausgeschlossen.<\/p>\n<p>Die im Auftrag der Landtagsfraktion B\u00dcNDNIS 90\/DIE GR\u00dcNEN durchgef\u00fchrte Studie &#8222;Gute Bildung f\u00fcr alle&#8220; analysiert die Entwicklung von Inklusion in Brandenburg in Schule und Gesellschaft und gibt Empfehlungen, wie dieser Prozess gesamtgesellschaftlich gestaltet werden kann.<\/p>\n<p><strong>Zu den Texten:<\/strong><\/p>\n<h3><a href=\"https:\/\/der-bildungsexperte.de\/gutachten-inklusion-in-brandenburg\/gute-bildung-fuer-alle-kurzfassung\/\" target=\"_blank\" rel=\"noopener noreferrer\">Kurzfassung:<br \/>\nGute Bildung f\u00fcr alle<\/a><br \/>\nInklusion in Brandenburg als gesamtgesellschaftlicher Prozess<br \/>\nAnalyse und Empfehlungen<\/h3>\n<h3><a href=\"https:\/\/der-bildungsexperte.de\/gutachten-inklusion-in-brandenburg\/gute-bildung-fuer-alle-langfassung\/\" target=\"_blank\" rel=\"noopener noreferrer\">Langfassung:<br \/>\nGute Bildung f\u00fcr alle<\/a><br \/>\nInklusion in Brandenburg als gesamtgesellschaftlicher Prozess<br \/>\nAnalyse und Empfehlungen<\/h3>\n<h4>Protokolle der <a href=\"https:\/\/der-bildungsexperte.de\/gutachten-inklusion-in-brandenburg\/protokolle-der-interviews-mit-koordinatorinnen-fuer-gemeinsames-lernen\/\" target=\"_blank\" rel=\"noopener noreferrer\">Interviews mit KoordinatorInnen f\u00fcr gemeinsames Lernen<\/a> in Brandenburg<\/h4>\n<h4><a href=\"https:\/\/der-bildungsexperte.de\/gutachten-inklusion-in-brandenburg\/interviews-mit-schulleitungen-protokolle\/\" target=\"_blank\" rel=\"noopener noreferrer\">Protokolle der Interviews mit Schulleitungen <\/a>in Brandenburg<\/h4>\n<h4><a href=\"https:\/\/der-bildungsexperte.de\/gutachten-inklusion-in-brandenburg\/pressestimmen-zum-gutachten-inklusion-in-brandenburg\/\">Pressestimmen<\/a> zum Gutachten<\/h4>\n","protected":false},"excerpt":{"rendered":"<p>Schulische Inklusion ist eine Herausforderung. Manchen erscheint sie angesichts vorhandener Umsetzungsprobleme schon gescheitert. Andere sehen im gemeinsamen Unterricht eine Chance f\u00fcr alle Kinder. Nicht nur inklusive Bildung, sondern das Leben in einer inklusiven Gesellschaft ist ein Menschenrecht, zu dessen Umsetzung&#8230;<br \/><a class=\"read-more-button\" href=\"https:\/\/der-bildungsexperte.de\/?page_id=274\">Mehr Lesen<\/a><\/p>\n","protected":false},"author":1,"featured_media":288,"parent":0,"menu_order":3,"comment_status":"closed","ping_status":"closed","template":"","meta":{"om_disable_all_campaigns":false,"_monsterinsights_skip_tracking":false,"_monsterinsights_sitenote_active":false,"_monsterinsights_sitenote_note":"","_monsterinsights_sitenote_category":0,"_uf_show_specific_survey":0,"_uf_disable_surveys":false,"footnotes":""},"class_list":["post-274","page","type-page","status-publish","has-post-thumbnail","hentry"],"aioseo_notices":[],"_links":{"self":[{"href":"https:\/\/der-bildungsexperte.de\/index.php?rest_route=\/wp\/v2\/pages\/274","targetHints":{"allow":["GET"]}}],"collection":[{"href":"https:\/\/der-bildungsexperte.de\/index.php?rest_route=\/wp\/v2\/pages"}],"about":[{"href":"https:\/\/der-bildungsexperte.de\/index.php?rest_route=\/wp\/v2\/types\/page"}],"author":[{"embeddable":true,"href":"https:\/\/der-bildungsexperte.de\/index.php?rest_route=\/wp\/v2\/users\/1"}],"replies":[{"embeddable":true,"href":"https:\/\/der-bildungsexperte.de\/index.php?rest_route=%2Fwp%2Fv2%2Fcomments&post=274"}],"version-history":[{"count":23,"href":"https:\/\/der-bildungsexperte.de\/index.php?rest_route=\/wp\/v2\/pages\/274\/revisions"}],"predecessor-version":[{"id":424,"href":"https:\/\/der-bildungsexperte.de\/index.php?rest_route=\/wp\/v2\/pages\/274\/revisions\/424"}],"wp:featuredmedia":[{"embeddable":true,"href":"https:\/\/der-bildungsexperte.de\/index.php?rest_route=\/wp\/v2\/media\/288"}],"wp:attachment":[{"href":"https:\/\/der-bildungsexperte.de\/index.php?rest_route=%2Fwp%2Fv2%2Fmedia&parent=274"}],"curies":[{"name":"wp","href":"https:\/\/api.w.org\/{rel}","templated":true}]}}