{"id":55,"date":"2014-12-26T22:54:56","date_gmt":"2014-12-26T22:54:56","guid":{"rendered":"https:\/\/der-bildungsexperte.de\/?page_id=55"},"modified":"2023-01-29T09:49:47","modified_gmt":"2023-01-29T09:49:47","slug":"profil","status":"publish","type":"page","link":"https:\/\/der-bildungsexperte.de\/?page_id=55","title":{"rendered":"Profil"},"content":{"rendered":"<div>\n<div id=\"txt_53_C01\">\n<div class=\"Normal-P\"><span class=\"Normal-C3\"><strong>Wilfried W. Steinert<\/strong> \u00a0\u00a0\u00a0\u00a0\u00a0\u00a0\u00a0\u00a0\u00a0\u00a0\u00a0\u00a0\u00a0\u00a0\u00a0\u00a0\u00a0 <\/span><\/div>\n<p><span class=\"Normal-C6\">Jahrgang 1950<br \/>\nTheologe und P\u00e4dagoge<br \/>\n<\/span><\/p>\n<hr \/>\n<p><strong>Seit 2010 freiberuflich t\u00e4tig als Bildungsexperte in Fortbildung und Beratung; Coaching von Schulentwicklungsprozessen;\u00a0 Prozessbegleitung, Moderation und Dokumentation kommunaler inklusiver Prozesse<br \/>\n<\/strong><\/p>\n<p><strong>Berufliche Erfahrungen:<\/strong><\/p>\n<ul>\n<li>Gemeindepfarrer<\/li>\n<li>Religionslehrer in verschiedenen Schulformen (Grundschule, Gesamtschule, Gymnasium); ausgezeichnet mit dem Berliner Preis &#8222;Praktisches Lernen und Unterricht&#8220;<\/li>\n<li>Schulrat der Evangelischen Kirche in Berlin-Brandenburg; verantwortlich f\u00fcr den Aufbau des Religionsunterrichts in Ost-Berlin und Brandenburg<\/li>\n<li>Leiter der Waldhofschule Templin; Entwicklung der integrativen Grundschule &#8222;Eine Schule f\u00fcr alle&#8220; und Aufbau des Netzwerkes &#8222;Bildung f\u00fcr alle in Templin&#8220; der <a href=\"http:\/\/www.stephanus-bildung.de\">Stephanus-Stiftung<\/a> mit folgenden Einrichtungen\n<ul>\n<li>Waldhofschule &#8222;Eine Schule f\u00fcr alle&#8220;, <a href=\"http:\/\/schulpreis.bosch-stiftung.de\/content\/language1\/html\/index.asp\">Preistr\u00e4ger des Deutschen Schulpreises 2010 <\/a><\/li>\n<li>Schulwald-Projekt<\/li>\n<li>Waldhof-Kita, Integrationskita, nominiert f\u00fcr den <a href=\"http:\/\/www.deutscher-praeventionspreis.de\/praeventionspreis\/2008\/preistraeger.php\">Deutschen Pr\u00e4ventionspreis 2008<\/a> und Preistr\u00e4ger des <a href=\"http:\/\/www.arbeitgeber.de\/www\/arbeitgeber.nsf\/id\/DE_Deutscher_Arbeitgeberpreis_fuer_Bildung_2008\">Deutschen Arbeitgeberpreises \u201eDIVERSITY\u201c 2008 <\/a><\/li>\n<li>Kita Eulennest, Kita mit erweiterten \u00d6ffnungszeiten<\/li>\n<li>Fr\u00fchf\u00f6rder- und Beratungsstelle<\/li>\n<li>Familien-Kompetenz-Centrum<\/li>\n<\/ul>\n<\/li>\n<\/ul>\n<p><strong>Ehrenamtliche Elternarbeit<\/strong><\/p>\n<p>1977 \u2013 2007 aktive Elternarbeit in NRW, Berlin und Brandenburg<br \/>\n1998 \u2013 2007 Landeselternrat Brandenburg<br \/>\n1999 \u2013 2006 Bundeselternrat (BER)<br \/>\n2001 \u2013 2002 Vorsitzender \u201eFachausschuss f\u00fcr Gesamtschulen\u201c im BER<br \/>\n2002 \u2013 2004 stellvertretender Vorsitzender des Bundeselternrates<br \/>\n2004 \u2013 2006 Vorsitzender des <a href=\"http:\/\/www.bundeselternrat.de\">Bundeselternrates<\/a><\/p>\n<p><strong>Mitarbeit in folgenden Gremien<\/strong><\/p>\n<p>Mitglied im <a href=\"http:\/\/www.unesco.de\/ua47-2010.html\">\u201eExpertenkreises Inklusive Bildung\u201c<\/a> der Deutschen UNESCO-Kommission von 2010 bis 2018<br \/>\nEhemaliger Sprecher des wissenschaftlichen <a href=\"http:\/\/www.inklusion-brandenburg.de\/wissenschaftlicher_beirat.html\">Fachbeirats &#8220; Inklusive Bildung&#8220;<\/a> beim Ministerium f\u00fcr Bildung, Jugend und Sport des Landes Brandenburg<br \/>\nMitglied der Jury des <a href=\"http:\/\/www.jakobmuthpreis.de\/\">Jakob Muth Preises<\/a> f\u00fcr inklusive Bildung von 2009 bis 2019<br \/>\nMitglied der Vorjury des <a href=\"http:\/\/schulpreis.bosch-stiftung.de\/content\/language1\/html\/index.asp\">Deutschen Schulpreises von 2011 bis 2019<\/a><br \/>\nMitglied im Beirat des Projekts Inklusion &#8222;P-INK&#8220; des <a title=\"Deutsches Rotes Kreuz\" href=\"http:\/\/www.DRK.de\">Deutschen Roten Kreuzes bis 2018<\/a><br \/>\nMitglied im <a href=\"http:\/\/www.fes.de\/\">Netzwerk Bildung der Friedrich-Ebert-Stiftung<br \/>\n<\/a>Mitglied des Redaktionsbeirates der Zeitschrift <a href=\"http:\/\/www.dds-home.de\/\">\u201eDie Deutsche Schule (DDS)\u201c bis 2018<\/a><br \/>\nEhemaliges Mitglied im wissenschaftlichen Beirat der <a href=\"http:\/\/www.natur-wissen-schaffen.de\/startseite\/index.php\">Telekom-Stiftung<\/a> zur fr\u00fchkindlichen Bildung \u201eNatur-Wissen schaffen\u201c<br \/>\nEhemaliges Mitglied im <a href=\"http:\/\/www.bsi-bonn.de\/\">\u201eArbeitskreis Alkohol und Verantwortung\u201c<\/a> beim Bundesverband der Deutschen Spirituosen-Industrie (BSI)<br \/>\nBis 2012 Beisitzer im Pr\u00e4sidium der <a href=\"http:\/\/www.eaf-bund.de\/\">Evangelischen Aktionsgemeinschaft f\u00fcr Familienfragen<\/a> (eaf)<br \/>\nMitarbeit in AG des <a href=\"http:\/\/www.deutscher-verein.de\/\">Deutschen Vereins<\/a> zur \u201eErarbeitung einer Empfehlung zur Teilhabe behinderter Kinder in Kitas und Schulen\u201c (2011) sowie in der AG &#8222;Empfehlungen des Deutschen Vereins: &#8222;Von der Schulbegleitung zur Schulassistenz in einem inklusiven Schulsystem&#8220; (2016)<\/p>\n<p>&#8211; seit 2022 Mitglied im Kreisvorstand der GEW Oldenburger Land<\/p>\n<p><strong>Politische Aktivit\u00e4ten<\/strong><\/p>\n<p>Stadtverordneter in Templin<br \/>\nVorsitzender des Finanzausschusses in Templin<br \/>\nMitglied im Ausschuss f\u00fcr Soziales, Kultur, Bildung und Sport<br \/>\nIm Kreistag Uckermark Sachkundiger Einwohner im Bildungsausschuss<\/p>\n<p>B\u00fcrgerdeputierter (sachkundiger B\u00fcrger) in der BVV-Berlin Spandau<br \/>\n<strong>Ver\u00f6ffentlichungen<\/strong><\/p>\n<p><strong>&#8222;Inklusion braucht gute Schulen &#8211; gute Schulen brauchen Inklusion&#8220;<\/strong><br \/>\nBand I zum Thema &#8222;Leitbild und P\u00e4dagogische Konzeption&#8220;<br \/>\nStefan L\u00fcke, Inge Michels, Wilfried W. Steinert<br \/>\nWolters Kluwer 2016<\/p>\n<p><strong>&#8222;Inklusion ist machbar!&#8220;<br \/>\n<\/strong>Das Erfahrungshandbuch aus der kommunalen Praxis<br \/>\n(Mitglied der Steuerungsgruppe und Redaktion)<br \/>\nMontag Stiftung Jugend und Gesellschaft \/ Deutscher Verein 2016<\/p>\n<p><strong>&#8222;Nachbarschaft von Schule und Gemeinde&#8220;<\/strong><br \/>\nHerausgegeben von Hans Bernhard Kaufmann unter Mitarbeit von Elsbe Go\u00dfmann, Christian Grethlein, Klaus Petzhold und Wilfried W. Steinert<br \/>\nG\u00fctersloher Verlagshaus Gerd Mohn 1990<\/p>\n<p><strong>Dar\u00fcber hinaus sehr viele Beitr\u00e4ge und Artikel in Fachb\u00fcchern und Fachzeitschriften,<\/strong> haupts\u00e4chlich zu folgenden Themen:<\/p>\n<ul>\n<li>Inklusion\u00a0 \/ Inklusive Schuleentwicklung \/ Inklusion in Kommune und Gesellschaft<\/li>\n<li>P\u00e4dagogik nach PISA \/ Lernen in heterogenen Gruppen \/ Ganztag<\/li>\n<li>Multiprofessionelles Arbeiten<\/li>\n<li>Schulassistenz<\/li>\n<li>Fr\u00fchkindliche P\u00e4dagogik<\/li>\n<li>Religionsunterricht und Religionsp\u00e4dagogik<\/li>\n<li>Elternarbeit<\/li>\n<li>&#8230;<\/li>\n<\/ul>\n<\/div>\n<\/div>\n","protected":false},"excerpt":{"rendered":"<p>Wilfried W. Steinert \u00a0\u00a0\u00a0\u00a0\u00a0\u00a0\u00a0\u00a0\u00a0\u00a0\u00a0\u00a0\u00a0\u00a0\u00a0\u00a0\u00a0 Jahrgang 1950 Theologe und P\u00e4dagoge Seit 2010 freiberuflich t\u00e4tig als Bildungsexperte in Fortbildung und Beratung; Coaching von Schulentwicklungsprozessen;\u00a0 Prozessbegleitung, Moderation und Dokumentation kommunaler inklusiver Prozesse Berufliche Erfahrungen: Gemeindepfarrer Religionslehrer in verschiedenen Schulformen (Grundschule, Gesamtschule, Gymnasium); ausgezeichnet&#8230;<br \/><a class=\"read-more-button\" href=\"https:\/\/der-bildungsexperte.de\/?page_id=55\">Mehr Lesen<\/a><\/p>\n","protected":false},"author":1,"featured_media":0,"parent":0,"menu_order":8,"comment_status":"open","ping_status":"closed","template":"","meta":{"om_disable_all_campaigns":false,"_monsterinsights_skip_tracking":false,"_monsterinsights_sitenote_active":false,"_monsterinsights_sitenote_note":"","_monsterinsights_sitenote_category":0,"_uf_show_specific_survey":0,"_uf_disable_surveys":false,"footnotes":""},"class_list":["post-55","page","type-page","status-publish","hentry"],"aioseo_notices":[],"_links":{"self":[{"href":"https:\/\/der-bildungsexperte.de\/index.php?rest_route=\/wp\/v2\/pages\/55","targetHints":{"allow":["GET"]}}],"collection":[{"href":"https:\/\/der-bildungsexperte.de\/index.php?rest_route=\/wp\/v2\/pages"}],"about":[{"href":"https:\/\/der-bildungsexperte.de\/index.php?rest_route=\/wp\/v2\/types\/page"}],"author":[{"embeddable":true,"href":"https:\/\/der-bildungsexperte.de\/index.php?rest_route=\/wp\/v2\/users\/1"}],"replies":[{"embeddable":true,"href":"https:\/\/der-bildungsexperte.de\/index.php?rest_route=%2Fwp%2Fv2%2Fcomments&post=55"}],"version-history":[{"count":10,"href":"https:\/\/der-bildungsexperte.de\/index.php?rest_route=\/wp\/v2\/pages\/55\/revisions"}],"predecessor-version":[{"id":648,"href":"https:\/\/der-bildungsexperte.de\/index.php?rest_route=\/wp\/v2\/pages\/55\/revisions\/648"}],"wp:attachment":[{"href":"https:\/\/der-bildungsexperte.de\/index.php?rest_route=%2Fwp%2Fv2%2Fmedia&parent=55"}],"curies":[{"name":"wp","href":"https:\/\/api.w.org\/{rel}","templated":true}]}}