{"id":681,"date":"2024-02-21T20:23:34","date_gmt":"2024-02-21T20:23:34","guid":{"rendered":"https:\/\/der-bildungsexperte.de\/?page_id=681"},"modified":"2024-02-28T16:39:37","modified_gmt":"2024-02-28T16:39:37","slug":"ganztagsfoerderungsgesetz","status":"publish","type":"page","link":"https:\/\/der-bildungsexperte.de\/?page_id=681","title":{"rendered":"Ganztagsf\u00f6rderungsgesetz"},"content":{"rendered":"\n<p>Auf dem Bild mit Mitarbeiterinnen der Bundestagsfraktion der GR\u00dcNEN. Im September 2019 habe ich in der Fraktion einen Workshop &#8222;Zusammenarbeit Jugendhilfe und Schule&#8220; im Rahmen der Erarbeitung des Ganztagsf\u00f6rderungsgesetzes gestaltet.<\/p>\n\n\n\n<p>Zum Schuljahr 2026\/27 haben alle Kinder, die dann die erste Klasse besuchen, das Recht auf ganzt\u00e4gige F\u00f6rderung und Bildung. Das ist im SGB VIII geregelt, also im Sozialgesetzbuch, obwohl es um ganzt\u00e4gige  Bildung und F\u00f6rderung geht. Aber das ist der einzige Weg, wie der Bund etwas f\u00fcr Bildung auf den Weg bringen kann. Und dieser Umweg bringt viele Probleme mit sich. Deshalb werden auf dieser Seite alle Informationen gesammelt, die f\u00fcr die Umsetzung wichtig sind.<\/p>\n\n\n\n<p>Hier mein letzter <a data-type=\"link\" data-id=\"https:\/\/der-bildungsexperte.de\/?page_id=702\" href=\"https:\/\/der-bildungsexperte.de\/?page_id=702\">Vortrag zum Ganztagsf\u00f6rderungsgesetz<\/a> am 19.02.2024 f\u00fcr die GEW in Vechta.<\/p>\n\n\n\n<p><\/p>\n\n\n\n<p><strong>Es ist allerh\u00f6chste Zeit, die Gestaltung des Ganztags zu planen<\/strong><br>Nicht nur Bauplanungen, sondern auch die p\u00e4dagogischen Konzepte brauchen f\u00fcr die Erarbeitung Zeit.<br>Einen Meilensteinplan, weitere Materialien, Anregungen und Links finden Sie auf dieser Seite: <br><strong><a href=\"https:\/\/der-bildungsexperte.de\/?page_id=810\" title=\"Ganztag planen!\">Planung des Ganztags<\/a><\/strong>.<br><\/p>\n","protected":false},"excerpt":{"rendered":"<p>Auf dem Bild mit Mitarbeiterinnen der Bundestagsfraktion der GR\u00dcNEN. Im September 2019 habe ich in der Fraktion einen Workshop &#8222;Zusammenarbeit Jugendhilfe und Schule&#8220; im Rahmen der Erarbeitung des Ganztagsf\u00f6rderungsgesetzes gestaltet. Zum Schuljahr 2026\/27 haben alle Kinder, die dann die erste&#8230;<br \/><a class=\"read-more-button\" href=\"https:\/\/der-bildungsexperte.de\/?page_id=681\">Mehr Lesen<\/a><\/p>\n","protected":false},"author":1,"featured_media":682,"parent":0,"menu_order":1,"comment_status":"open","ping_status":"closed","template":"","meta":{"om_disable_all_campaigns":false,"_monsterinsights_skip_tracking":false,"_monsterinsights_sitenote_active":false,"_monsterinsights_sitenote_note":"","_monsterinsights_sitenote_category":0,"_uf_show_specific_survey":0,"_uf_disable_surveys":false,"footnotes":""},"class_list":["post-681","page","type-page","status-publish","has-post-thumbnail","hentry"],"aioseo_notices":[],"_links":{"self":[{"href":"https:\/\/der-bildungsexperte.de\/index.php?rest_route=\/wp\/v2\/pages\/681","targetHints":{"allow":["GET"]}}],"collection":[{"href":"https:\/\/der-bildungsexperte.de\/index.php?rest_route=\/wp\/v2\/pages"}],"about":[{"href":"https:\/\/der-bildungsexperte.de\/index.php?rest_route=\/wp\/v2\/types\/page"}],"author":[{"embeddable":true,"href":"https:\/\/der-bildungsexperte.de\/index.php?rest_route=\/wp\/v2\/users\/1"}],"replies":[{"embeddable":true,"href":"https:\/\/der-bildungsexperte.de\/index.php?rest_route=%2Fwp%2Fv2%2Fcomments&post=681"}],"version-history":[{"count":12,"href":"https:\/\/der-bildungsexperte.de\/index.php?rest_route=\/wp\/v2\/pages\/681\/revisions"}],"predecessor-version":[{"id":852,"href":"https:\/\/der-bildungsexperte.de\/index.php?rest_route=\/wp\/v2\/pages\/681\/revisions\/852"}],"wp:featuredmedia":[{"embeddable":true,"href":"https:\/\/der-bildungsexperte.de\/index.php?rest_route=\/wp\/v2\/media\/682"}],"wp:attachment":[{"href":"https:\/\/der-bildungsexperte.de\/index.php?rest_route=%2Fwp%2Fv2%2Fmedia&parent=681"}],"curies":[{"name":"wp","href":"https:\/\/api.w.org\/{rel}","templated":true}]}}