{"id":702,"date":"2024-02-21T21:03:38","date_gmt":"2024-02-21T21:03:38","guid":{"rendered":"https:\/\/der-bildungsexperte.de\/?page_id=702"},"modified":"2024-09-10T13:23:32","modified_gmt":"2024-09-10T13:23:32","slug":"vortrag-zum-ganztagsfoerderungsgesetz","status":"publish","type":"page","link":"https:\/\/der-bildungsexperte.de\/?page_id=702","title":{"rendered":"Vortrag GaF\u00f6G"},"content":{"rendered":"\n<p><strong>Vortr\u00e4ge zum Ganztagsf\u00f6rderungsgesetz in Kreisverb\u00e4nden der GEW (Niedersachsen)<\/strong><\/p>\n\n\n\n<p>In vielen Kreisverb\u00e4nden der GEW in Niedersachsen habe ich in den letzten Monaten einen Vortrag zur Umsetzung des Ganztagsf\u00f6rderungsgesetzes ab Schuljahr 2026\/27 gehalten. Den jeweils aktuellsten Vortrag finden Sie hier und k\u00f6nnen ihn als pdf-Version \u00fcber den Button herunterladen.<\/p>\n\n\n\n<div class=\"wp-block-buttons is-layout-flex wp-block-buttons-is-layout-flex\">\n<div class=\"wp-block-button\"><a class=\"wp-block-button__link wp-element-button\" href=\"https:\/\/der-bildungsexperte.de\/wp-content\/uploads\/2024\/09\/2024-08-28-Anregungen-zur-Umsetzung-des-Ganztagsfoerderungsgesetzes.pdf\">Vortrag downloaden<\/a><\/div>\n<\/div>\n\n\n\n<p><\/p>\n\n\n\n<p><strong>Der Weg zu einer (teil)gebundenen und thythmisierten Ganztagsschule<\/strong><br>Da die Diskussion oft sehr verk\u00fcrzt gef\u00fchrt wird, hier einer meiner Vortr\u00e4ge, in denen die Chancen einer guten Ganztagsschule mit Zeit zum Leben und Lernen f\u00fcr alle aufgezeigt werden&#8230;<\/p>\n\n\n\n<div class=\"wp-block-buttons is-layout-flex wp-block-buttons-is-layout-flex\">\n<div class=\"wp-block-button\"><a class=\"wp-block-button__link wp-element-button\" href=\"https:\/\/der-bildungsexperte.de\/wp-content\/uploads\/2024\/02\/Der-Weg-zur-gebundenen-und-rhythmisierten-Ganztagsschule.pdf\" target=\"_blank\" rel=\"noreferrer noopener\">Download: Ganztagsschule &#8211; aber richtig! <\/a><\/div>\n<\/div>\n\n\n\n<p><\/p>\n\n\n\n<p>In dem Vortrag wird auf das Erdbebenprojekt, als selbstentwickeltes und gesteuertes Projekt der Sch\u00fcler*innen in einer meiner Klassen Bezug genommen. Drei Sch\u00fcler wollten zeigen, wie ein Erdbeben abl\u00e4uft. Erste Idee war: Styroporplatten zerbrechen (als Kontinentalplatten), dar\u00fcber mit Sand eine Landschaft modelliert und mit Lego-H\u00e4usern gestaltet. Platten sollten beim Zusammendr\u00fccken hochspringen. Passierte bei den Versuchen aber nicht. Sie verschoben sich nur und der Sand verrieselte zwischen den Platten. Erst als die Jungs dem ganzen einen festen Rahmen gaben, kam es zum Erdbeben&#8230; In dem kleinen Film ist die Faszination der anderen Sch\u00fcler*innen zu erleben.<\/p>\n\n\n\n<div class=\"wp-block-buttons is-layout-flex wp-block-buttons-is-layout-flex\">\n<div class=\"wp-block-button\"><a class=\"wp-block-button__link wp-element-button\" href=\"https:\/\/der-bildungsexperte.de\/wp-content\/uploads\/2024\/02\/Erdbeben-Simulation.wmv\" target=\"_blank\" rel=\"noreferrer noopener\">Download: Video Erdbeben<\/a><\/div>\n<\/div>\n","protected":false},"excerpt":{"rendered":"<p>Vortr\u00e4ge zum Ganztagsf\u00f6rderungsgesetz in Kreisverb\u00e4nden der GEW (Niedersachsen) In vielen Kreisverb\u00e4nden der GEW in Niedersachsen habe ich in den letzten Monaten einen Vortrag zur Umsetzung des Ganztagsf\u00f6rderungsgesetzes ab Schuljahr 2026\/27 gehalten. Den jeweils aktuellsten Vortrag finden Sie hier und k\u00f6nnen&#8230;<br \/><a class=\"read-more-button\" href=\"https:\/\/der-bildungsexperte.de\/?page_id=702\">Mehr Lesen<\/a><\/p>\n","protected":false},"author":1,"featured_media":0,"parent":681,"menu_order":1,"comment_status":"open","ping_status":"closed","template":"","meta":{"om_disable_all_campaigns":false,"_monsterinsights_skip_tracking":false,"_monsterinsights_sitenote_active":false,"_monsterinsights_sitenote_note":"","_monsterinsights_sitenote_category":0,"_uf_show_specific_survey":0,"_uf_disable_surveys":false,"footnotes":""},"class_list":["post-702","page","type-page","status-publish","hentry"],"aioseo_notices":[],"_links":{"self":[{"href":"https:\/\/der-bildungsexperte.de\/index.php?rest_route=\/wp\/v2\/pages\/702","targetHints":{"allow":["GET"]}}],"collection":[{"href":"https:\/\/der-bildungsexperte.de\/index.php?rest_route=\/wp\/v2\/pages"}],"about":[{"href":"https:\/\/der-bildungsexperte.de\/index.php?rest_route=\/wp\/v2\/types\/page"}],"author":[{"embeddable":true,"href":"https:\/\/der-bildungsexperte.de\/index.php?rest_route=\/wp\/v2\/users\/1"}],"replies":[{"embeddable":true,"href":"https:\/\/der-bildungsexperte.de\/index.php?rest_route=%2Fwp%2Fv2%2Fcomments&post=702"}],"version-history":[{"count":18,"href":"https:\/\/der-bildungsexperte.de\/index.php?rest_route=\/wp\/v2\/pages\/702\/revisions"}],"predecessor-version":[{"id":870,"href":"https:\/\/der-bildungsexperte.de\/index.php?rest_route=\/wp\/v2\/pages\/702\/revisions\/870"}],"up":[{"embeddable":true,"href":"https:\/\/der-bildungsexperte.de\/index.php?rest_route=\/wp\/v2\/pages\/681"}],"wp:attachment":[{"href":"https:\/\/der-bildungsexperte.de\/index.php?rest_route=%2Fwp%2Fv2%2Fmedia&parent=702"}],"curies":[{"name":"wp","href":"https:\/\/api.w.org\/{rel}","templated":true}]}}