{"id":810,"date":"2024-02-28T16:13:18","date_gmt":"2024-02-28T16:13:18","guid":{"rendered":"https:\/\/der-bildungsexperte.de\/?page_id=810"},"modified":"2025-02-22T13:58:40","modified_gmt":"2025-02-22T13:58:40","slug":"ganztag-planen","status":"publish","type":"page","link":"https:\/\/der-bildungsexperte.de\/?page_id=810","title":{"rendered":"Ganztag planen!"},"content":{"rendered":"\n<p class=\"has-pale-cyan-blue-background-color has-background\"><strong>Meilensteinplan<\/strong><\/p>\n\n\n\n<p class=\"has-cyan-bluish-gray-background-color has-background\">Es ist h\u00f6chste Zeit! In 30 Monaten gilt das Recht auf ganzt\u00e4gige Bildung und F\u00f6rderung! Dabei darf nicht vergessen werden, dass Kollegium, Eltern und Sch\u00fcler*innen mit in den Entscheidungsprozess einbezogen werden m\u00fcssen &#8211; es ist nicht nur eine Sache zwischen Schule und Kommune! <br>Hier finden Sie einen Meilensteinplan zur Anregung und wichtige Planungshinweise:<\/p>\n\n\n\n<div class=\"wp-block-buttons is-layout-flex wp-block-buttons-is-layout-flex\">\n<div class=\"wp-block-button\"><a class=\"wp-block-button__link wp-element-button\" href=\"https:\/\/der-bildungsexperte.de\/wp-content\/uploads\/2024\/02\/Meilensteinplan-und-erforderliche-Schritte.pdf\" target=\"_blank\" rel=\"noreferrer noopener\">Download Meilensteinplan<\/a><\/div>\n<\/div>\n\n\n\n<p class=\"has-pale-cyan-blue-background-color has-background\"><strong>Herausforderungen &#8222;Ganztagsf\u00f6rderungsgesetz&#8220;<\/strong><br><strong>Aufgaben f\u00fcr Kommunen und Schulleitungen<\/strong><\/p>\n\n\n\n<p class=\"has-cyan-bluish-gray-background-color has-background\">Es gibt nicht nur 4 Varianten zur Umsetzung des Rechts auf ganzt\u00e4gige Bildung und F\u00f6rderung, damit verbunden sind auch die Herausforderungen:<br>Eine Entscheidung \u00fcber die einzuf\u00fchrende Variante kann nur im Einvernehmen zwischen Kommune und Schule erfolgen. Dabei muss sauber gekl\u00e4rt sein, wer f\u00fcr was zust\u00e4ndig ist, wie die Partizipation aller Beteiligten sicher gestellt wird, wie die Personal gefunden und qualifiziert wird und Teambildungsprozesse initiiert werden. Und die p\u00e4dagogische Konzeption muss auch noch entsprechend weiter entwickelt werden.Deshalb finden Sie im zweiten Teil der Arbeitshilfe Angebote dar\u00fcber, wie ich Sie gegebenenfalls unterst\u00fctzen kann:<\/p>\n\n\n\n<div class=\"wp-block-buttons is-layout-flex wp-block-buttons-is-layout-flex\">\n<div class=\"wp-block-button\"><a class=\"wp-block-button__link wp-element-button\" href=\"https:\/\/der-bildungsexperte.de\/?attachment_id=833\" target=\"_blank\" rel=\"noreferrer noopener\">Download: Aufgaben f\u00fcr Schulen und Kommunen <\/a><\/div>\n<\/div>\n\n\n\n<p class=\"has-pale-cyan-blue-background-color has-background\"><strong>Angebote zur Unterst\u00fctzung der Umsetzung:<br>Fortbildungen, Beratungen, Vortr\u00e4ge, Organisation zur Partizipation von Kollegien, Eltern und Sch\u00fclerschaft<\/strong><\/p>\n\n\n\n<p class=\"has-cyan-bluish-gray-background-color has-background\">In dieser Arbeitshilfe finden Sie meine Angebote, die es Ihnen erleichtern k\u00f6nnen, den Weg zur Umsetzung des Ganztagsf\u00f6rderungsgesetzes zu gestalten:<\/p>\n\n\n\n<div class=\"wp-block-buttons is-layout-flex wp-block-buttons-is-layout-flex\">\n<div class=\"wp-block-button\"><a class=\"wp-block-button__link wp-element-button\" href=\"https:\/\/der-bildungsexperte.de\/wp-content\/uploads\/2024\/03\/Umsetzung-des-Ganztagsfoerderungsgesetzes-Angebote-zur-Unterstuetzung-Beratung-und-Fortbildung.pdf\" target=\"_blank\" rel=\"noreferrer noopener\">Fortbildungen, Seminare, Coaching<\/a><\/div>\n\n\n\n<div class=\"wp-block-button\"><a class=\"wp-block-button__link wp-element-button\" href=\"https:\/\/der-bildungsexperte.de\/wp-content\/uploads\/2024\/07\/2024-06-Angebot-Zukunftswerkstatt-Schule.pdf\">Zukunftswerkstatt Schule <\/a><\/div>\n<\/div>\n\n\n\n<p class=\"has-pale-cyan-blue-background-color has-background\"><\/p>\n\n\n\n<div class=\"wp-block-buttons is-layout-flex wp-block-buttons-is-layout-flex\"><\/div>\n\n\n\n<p class=\"has-pale-cyan-blue-background-color has-background\"><strong>Im Folgenden finden Sie Links f\u00fcr gute Ganztagsschulen, an denen man erkennen kann, wie eine gute Ganztagsgrundschule aussieht. Ebenso habe ich eine Liste mit Argumenten f\u00fcr und gegen offene oder gebundene Ganztagsschulen zusammengestellt: <\/strong><\/p>\n\n\n\n<div class=\"wp-block-buttons is-layout-flex wp-block-buttons-is-layout-flex\">\n<div class=\"wp-block-button\"><a class=\"wp-block-button__link wp-element-button\" href=\"https:\/\/der-bildungsexperte.de\/wp-content\/uploads\/2024\/03\/Empfehlenswerte-gebundene-Ganztagsgrundschulen.pdf\" target=\"_blank\" rel=\"noreferrer noopener\">Links zu guten Ganztagsgrundschulen<\/a><\/div>\n<\/div>\n\n\n\n<p><\/p>\n\n\n\n<div class=\"wp-block-buttons is-layout-flex wp-block-buttons-is-layout-flex\">\n<div class=\"wp-block-button\"><a class=\"wp-block-button__link wp-element-button\" href=\"https:\/\/der-bildungsexperte.de\/wp-content\/uploads\/2024\/03\/Argumente-offene-kontra-gebundene-Ganztagschule.pdf\" target=\"_blank\" rel=\"noreferrer noopener\">Argumente pro und kontra Ganztagsschulen<\/a><\/div>\n<\/div>\n","protected":false},"excerpt":{"rendered":"<p>Meilensteinplan Es ist h\u00f6chste Zeit! In 30 Monaten gilt das Recht auf ganzt\u00e4gige Bildung und F\u00f6rderung! Dabei darf nicht vergessen werden, dass Kollegium, Eltern und Sch\u00fcler*innen mit in den Entscheidungsprozess einbezogen werden m\u00fcssen &#8211; es ist nicht nur eine Sache&#8230;<br \/><a class=\"read-more-button\" href=\"https:\/\/der-bildungsexperte.de\/?page_id=810\">Mehr Lesen<\/a><\/p>\n","protected":false},"author":1,"featured_media":0,"parent":0,"menu_order":0,"comment_status":"open","ping_status":"closed","template":"","meta":{"om_disable_all_campaigns":false,"_monsterinsights_skip_tracking":false,"_monsterinsights_sitenote_active":false,"_monsterinsights_sitenote_note":"","_monsterinsights_sitenote_category":0,"_uf_show_specific_survey":0,"_uf_disable_surveys":false,"footnotes":""},"class_list":["post-810","page","type-page","status-publish","hentry"],"aioseo_notices":[],"_links":{"self":[{"href":"https:\/\/der-bildungsexperte.de\/index.php?rest_route=\/wp\/v2\/pages\/810","targetHints":{"allow":["GET"]}}],"collection":[{"href":"https:\/\/der-bildungsexperte.de\/index.php?rest_route=\/wp\/v2\/pages"}],"about":[{"href":"https:\/\/der-bildungsexperte.de\/index.php?rest_route=\/wp\/v2\/types\/page"}],"author":[{"embeddable":true,"href":"https:\/\/der-bildungsexperte.de\/index.php?rest_route=\/wp\/v2\/users\/1"}],"replies":[{"embeddable":true,"href":"https:\/\/der-bildungsexperte.de\/index.php?rest_route=%2Fwp%2Fv2%2Fcomments&post=810"}],"version-history":[{"count":15,"href":"https:\/\/der-bildungsexperte.de\/index.php?rest_route=\/wp\/v2\/pages\/810\/revisions"}],"predecessor-version":[{"id":877,"href":"https:\/\/der-bildungsexperte.de\/index.php?rest_route=\/wp\/v2\/pages\/810\/revisions\/877"}],"wp:attachment":[{"href":"https:\/\/der-bildungsexperte.de\/index.php?rest_route=%2Fwp%2Fv2%2Fmedia&parent=810"}],"curies":[{"name":"wp","href":"https:\/\/api.w.org\/{rel}","templated":true}]}}